{"id":105,"date":"2020-08-07T13:04:41","date_gmt":"2020-08-07T11:04:41","guid":{"rendered":"http:\/\/zootelik-lupus.pl\/temp\/?page_id=105"},"modified":"2025-12-31T18:01:50","modified_gmt":"2025-12-31T17:01:50","slug":"cennik-salon","status":"publish","type":"page","link":"https:\/\/zootelik-lupus.pl\/index.php\/cennik-salon\/","title":{"rendered":"Cennik salon"},"content":{"rendered":"<table>\n<tbody>\n<tr>\n<td>czesanie + k\u0105piel<\/td>\n<td>ma\u0142e psy (do 10 kg) \u2013 140 z\u0142<\/td>\n<\/tr>\n<tr>\n<td><\/td>\n<td>\u015brednie psy (11 \u2013 19 kg) \u2013 200 z\u0142<\/td>\n<\/tr>\n<tr>\n<td><\/td>\n<td>du\u017ce psy ( 20- 38 kg) \u2013 275 z\u0142<\/td>\n<\/tr>\n<\/tbody>\n<\/table>\n<p>&nbsp;<\/p>\n<table>\n<tbody>\n<tr>\n<td>strzy\u017cenie + k\u0105piel<\/td>\n<td>ma\u0142e psy \u2013 200 z\u0142<\/td>\n<\/tr>\n<tr>\n<td><\/td>\n<td>\u015brednie psy\u00a0 &#8211; 275 z\u0142<\/td>\n<\/tr>\n<tr>\n<td><\/td>\n<td>du\u017ce psy \u2013 310 z\u0142<\/td>\n<\/tr>\n<\/tbody>\n<\/table>\n<p>&nbsp;<\/p>\n<table>\n<tbody>\n<tr>\n<td>trymowanie + k\u0105piel<\/td>\n<td>ma\u0142e psy \u2013 260 z\u0142<\/td>\n<\/tr>\n<tr>\n<td><\/td>\n<td>\u015brednie psy \u2013 320 z\u0142<\/td>\n<\/tr>\n<tr>\n<td><\/td>\n<td>du\u017ce psy \u2013<\/td>\n<\/tr>\n<\/tbody>\n<\/table>\n<p>Ceny dla ps\u00f3w olbrzymich s\u0105 ustalane indywidualnie .<\/p>\n<p>Cena mo\u017ce ulec\u00a0 zmianie, jest uzale\u017cniona od kondycji i stanu sier\u015bci zwierz\u0119cia.<\/p>\n<p>pazury &#8211; 25 z\u0142<\/p>\n<p>czyszczenie uszu &#8211; 25 z\u0142<\/p>\n<p>czesanie &#8211; 150 z\u0142\/ h<\/p>\n<div id=\"themify_builder_content-105\" data-postid=\"105\" class=\"themify_builder_content themify_builder_content-105 themify_builder\">\r\n    <\/div>\r\n<!-- \/themify_builder_content -->\r\n","protected":false},"excerpt":{"rendered":"<p>czesanie + k\u0105piel ma\u0142e psy (do 10 kg) \u2013 140 z\u0142 \u015brednie psy (11 \u2013 19 kg) \u2013 200 z\u0142 du\u017ce psy ( 20- 38&#8230;<\/p>\n<div class=\"more-link-wrapper\"><a class=\"more-link\" href=\"https:\/\/zootelik-lupus.pl\/index.php\/cennik-salon\/\">Czytaj dalej<span class=\"screen-reader-text\">Cennik salon<\/span><\/a><\/div>\n","protected":false},"author":1,"featured_media":0,"parent":0,"menu_order":0,"comment_status":"closed","ping_status":"closed","template":"","meta":[],"_links":{"self":[{"href":"https:\/\/zootelik-lupus.pl\/index.php\/wp-json\/wp\/v2\/pages\/105"}],"collection":[{"href":"https:\/\/zootelik-lupus.pl\/index.php\/wp-json\/wp\/v2\/pages"}],"about":[{"href":"https:\/\/zootelik-lupus.pl\/index.php\/wp-json\/wp\/v2\/types\/page"}],"author":[{"embeddable":true,"href":"https:\/\/zootelik-lupus.pl\/index.php\/wp-json\/wp\/v2\/users\/1"}],"replies":[{"embeddable":true,"href":"https:\/\/zootelik-lupus.pl\/index.php\/wp-json\/wp\/v2\/comments?post=105"}],"version-history":[{"count":16,"href":"https:\/\/zootelik-lupus.pl\/index.php\/wp-json\/wp\/v2\/pages\/105\/revisions"}],"predecessor-version":[{"id":216,"href":"https:\/\/zootelik-lupus.pl\/index.php\/wp-json\/wp\/v2\/pages\/105\/revisions\/216"}],"wp:attachment":[{"href":"https:\/\/zootelik-lupus.pl\/index.php\/wp-json\/wp\/v2\/media?parent=105"}],"curies":[{"name":"wp","href":"https:\/\/api.w.org\/{rel}","templated":true}]}}